{"id":1037,"date":"2024-10-13T14:35:12","date_gmt":"2024-10-13T14:35:12","guid":{"rendered":"https:\/\/wiuniversity.org\/live\/?page_id=1037"},"modified":"2024-10-28T14:36:41","modified_gmt":"2024-10-28T14:36:41","slug":"sobre-fiam","status":"publish","type":"page","link":"https:\/\/wiuniversity.org\/live\/sobre-fiam\/","title":{"rendered":"Sobre FIAM"},"content":{"rendered":"\t\t<div data-elementor-type=\"wp-page\" data-elementor-id=\"1037\" class=\"elementor elementor-1037\" data-elementor-post-type=\"page\">\n\t\t\t\t\t\t<section class=\"elementor-section elementor-top-section elementor-element elementor-element-0c92094 elementor-section-stretched elementor-section-boxed elementor-section-height-default elementor-section-height-default\" data-id=\"0c92094\" data-element_type=\"section\" data-settings=\"{&quot;background_background&quot;:&quot;classic&quot;,&quot;stretch_section&quot;:&quot;section-stretched&quot;}\">\n\t\t\t\t\t\t<div class=\"elementor-container elementor-column-gap-default\">\n\t\t\t\t\t<div class=\"elementor-column elementor-col-100 elementor-top-column elementor-element elementor-element-6f18439\" data-id=\"6f18439\" data-element_type=\"column\">\n\t\t\t<div class=\"elementor-widget-wrap elementor-element-populated\">\n\t\t\t\t\t\t<div class=\"elementor-element elementor-element-433f024 elementor-widget elementor-widget-heading\" data-id=\"433f024\" data-element_type=\"widget\" data-widget_type=\"heading.default\">\n\t\t\t\t<div class=\"elementor-widget-container\">\n\t\t\t<h1 class=\"elementor-heading-title elementor-size-default\">Sobre FIAM<\/h1>\t\t<\/div>\n\t\t\t\t<\/div>\n\t\t\t\t<div class=\"elementor-element elementor-element-ab7c8f0 elementor-widget-divider--view-line elementor-widget elementor-widget-divider\" data-id=\"ab7c8f0\" data-element_type=\"widget\" data-widget_type=\"divider.default\">\n\t\t\t\t<div class=\"elementor-widget-container\">\n\t\t\t\t\t<div class=\"elementor-divider\">\n\t\t\t<span class=\"elementor-divider-separator\">\n\t\t\t\t\t\t<\/span>\n\t\t<\/div>\n\t\t\t\t<\/div>\n\t\t\t\t<\/div>\n\t\t\t\t<div class=\"elementor-element elementor-element-06618b6 elementor-widget elementor-widget-text-editor\" data-id=\"06618b6\" data-element_type=\"widget\" data-widget_type=\"text-editor.default\">\n\t\t\t\t<div class=\"elementor-widget-container\">\n\t\t\t\t\t\t\t<h3><span style=\"color: #ffffff;\"><strong>La mayor red multimedia del planeta<\/strong><\/span><\/h3><p><span style=\"color: #ffffff;\">La Federaci\u00f3n Internacional de Asociaciones de Multimedia (FIAM) es una Organizaci\u00f3n de alto prestigio y internacional y sin fines de lucro fundada en Montr\u00e9al, Canada en 1997. Mantiene una s\u00f3lida relaci\u00f3n con\u00a0la Organizaci\u00f3n de las Naciones Unidas, de quien obtuvo las siguientes\u00a0 calificaciones:<\/span><\/p><ul><li><span style=\"color: #ffffff;\">Estatus consultivo especial en educaci\u00f3n de United Nations Economic and Social Council<b>\u00a0<\/b>(<a style=\"color: #ffffff;\" title=\"ECOSOC\" href=\"http:\/\/www.un.org\/es\/ecosoc\/\" target=\"_blank\" rel=\"noopener\">ECOSOC<\/a>).<\/span><\/li><li><span style=\"color: #ffffff;\">Estatus de observador de\u00a0United Nations Conference on Trade and Development (<a style=\"color: #ffffff;\" title=\"UNCTAD\" href=\"http:\/\/unctad.org\/es\/Paginas\/Home.aspx\" target=\"_blank\" rel=\"noopener\">UNCTAD<\/a>).<\/span><\/li><\/ul><p><span style=\"color: #ffffff;\"><a style=\"color: #ffffff;\" title=\"Federaci\u00f3n Internacional de Asociaciones de Multimedia\" href=\"http:\/\/www.fiam.org\/\" target=\"_blank\" rel=\"noopener\">FIAM<\/a>\u00a0constituye una enorme red internacional de empresas, gobiernos, organizaciones y profesionales inherentes al mundo digital.<\/span><\/p><p><span style=\"color: #ffffff;\">A los reconocimientos recibidos por\u00a0la\u00a0<a style=\"color: #ffffff;\" href=\"http:\/\/www.un.org\/es\/about-un\/\" target=\"_blank\" rel=\"noopener\">ONU<\/a>,\u00a0<a style=\"color: #ffffff;\" title=\"Federaci\u00f3n Internacional de Asociaciones de Multimedia\" href=\"http:\/\/www.fiam.org\/\" target=\"_blank\" rel=\"noopener\">FIAM<\/a>\u00a0 reafirm\u00f3 la relaci\u00f3n y los proyectos conjuntos mediante:<\/span><\/p><ul><li><span style=\"color: #ffffff;\">La suscripci\u00f3n de un importante convenio de capacitaci\u00f3n con\u00a0<a style=\"color: #ffffff;\" title=\"UNITAR\" href=\"https:\/\/www.unitar.org\/\" target=\"_blank\" rel=\"noopener\">UNITAR<\/a>\u00a0(The United Nations Institute for Training and Research).<\/span><\/li><li><span style=\"color: #ffffff;\">Fund\u00f3 en conjunto con United Nations Office for South-South Cooperation (<a style=\"color: #ffffff;\" title=\"UNOSSC\" href=\"http:\/\/ssc.undp.org\/content\/ssc.html\" target=\"_blank\" rel=\"noopener\">UNOSSC<\/a>)\u00a0el\u00a0<a style=\"color: #ffffff;\" href=\"http:\/\/idci.academy\/\" target=\"_blank\" rel=\"noopener\">Global South-South Institute of Digital Creative Industries<\/a>, una instituci\u00f3n \u00fanica en el mundo, especializada en programas de formaci\u00f3n vinculados a las Industrias Creativas Digitales.\u00a0<a style=\"color: #ffffff;\" title=\"SOCIAL INTERNATIONAL UNIVERSITY\" href=\"http:\/\/www.siuniversity.org\/\">Social International University<\/a>, es uno de los 4 socios ejecutivos del proyecto IDCI y principal generador de carreras y cursos inherentes al objetivo del instituto Global.<\/span><\/li><\/ul><h3><span style=\"color: #ffffff;\"><strong>Misi\u00f3n<\/strong><\/span><\/h3><p><span style=\"color: #ffffff;\">La Misi\u00f3n de FIAM es desarrollar una red global de organizaciones profesionales, asociaciones industriales, c\u00e1maras de comercio, organismos financieros, de investigaci\u00f3n e institutos de ense\u00f1anza, fabricantes, comerciantes y prestadores de servicios de Internet multimedia, y la industria de medios digitales.<\/span><\/p><p><span style=\"color: #ffffff;\">Sus Objetivos son:<\/span><\/p><ul><li><span style=\"color: #ffffff;\">Involucrarse en estrategias globales de desarrollo econ\u00f3mico y social sostenible, la pol\u00edtica y las cuestiones cruciales del multimedia e Internet.<\/span><\/li><li><span style=\"color: #ffffff;\">Construir una red global de l\u00edderes internacionales y expertos de alto nivel en multimedia e Internet.<\/span><\/li><li><span style=\"color: #ffffff;\">Promover los medios de comunicaci\u00f3n digital y la innovaci\u00f3n.<\/span><\/li><li><span style=\"color: #ffffff;\">Promover los contenidos digitales en diferentes idiomas.<\/span><\/li><li><span style=\"color: #ffffff;\">Promover las artes digitales y la creaci\u00f3n.<\/span><\/li><li><span style=\"color: #ffffff;\">Facilitar el intercambio de tecnolog\u00eda, conocimientos y experiencias entre las organizaciones, asociaciones e institutos, fabricas y proveedores de servicios en los medios digitales.<\/span><\/li><li><span style=\"color: #ffffff;\">Desarrollar las oportunidades internacionales y proyectos de industria de medios digitales y servicios de Internet.<\/span><\/li><li><span style=\"color: #ffffff;\">La FIAM ha desarrollado una red global significativa con la UNCTAD, PNUD, UNESCO, ONUDI, la OIF, CBC,ABC, la OCDE, as\u00ed como internacional, profesional, industrial o de las organizaciones comerciales y asociaciones de multimedia y de Internet de Europa (Francia, Suiza, Reino Unido, Irlanda , Alemania, Austria, Italia, Pa\u00edses Bajos, Suecia, Finlandia, Espa\u00f1a, Portugal, Rusia, Croacia, Rumania, Bulgaria, etc), Am\u00e9rica del Norte (Canad\u00e1, EE.UU., etc), Am\u00e9rica Latina y el Caribe (Brasil, Argentina, Chile , Costa Rica, Cuba, Guatemala, Trinidad y Tobago, etc), Asia-Pac\u00edfico (china, India, Australia, Corea, Jap\u00f3n, Singapur, Malasia,Emiratos \u00c1rabes Unidos, etc) y \u00c1frica (Sud\u00e1frica, Egipto, Senegal, Zimbabwe , etc.)<\/span><\/li><\/ul><h3><span style=\"color: #ffffff;\"><strong>Presidencia Mundial<\/strong><\/span><\/h3><p><span style=\"color: #ffffff;\">El Dr. Herv\u00e9 Fischer (Canad\u00e1) es su actual Presidente.<\/span><\/p><h3><span style=\"color: #ffffff;\"><strong>World Summit on Internet &amp; Multimedia<\/strong><\/span><\/h3><p><span style=\"color: #ffffff;\">FIAM\u00a0ha organizado 9 cumbres mundiales de Internet y Multimedia (WSIM \u2013 World Summit on Internet and Multimedia) con la presencia de los m\u00e1s importantes expertos mundiales. Las cumbres tuvieron las siguientes locaciones:<\/span><\/p><ol><li><span style=\"color: #ffffff;\">Montr\u00e8al (Canad\u00e1)<\/span><\/li><li><span style=\"color: #ffffff;\">Abu Dhabi (U.A.E.)<\/span><\/li><li><span style=\"color: #ffffff;\">Montreux (Suiza)<\/span><\/li><li><span style=\"color: #ffffff;\">Beijing (China),<\/span><\/li><li><span style=\"color: #ffffff;\">Shenyang (China)<\/span><\/li><li><span style=\"color: #ffffff;\">Shenyang (China)<\/span><\/li><li><span style=\"color: #ffffff;\">Shenyang (China)<\/span><\/li><li><span style=\"color: #ffffff;\">Fuzhou (China)<\/span><\/li><li><span style=\"color: #ffffff;\">Chonqing (China)<\/span><\/li><\/ol><h3><span style=\"color: #ffffff;\"><strong>4.0 World Forum<\/strong><\/span><\/h3><p><span style=\"color: #ffffff;\">FIAM ha organizado en conjunto con Social International University 4 Foros mundiales 4.0\u00a0 con las siguientes locaciones:\u00a0<\/span><\/p><ol><li><span style=\"color: #ffffff;\">Edici\u00f3n 2020 Buenos Aires (Argentina)<\/span><\/li><li><span style=\"color: #ffffff;\">Edici\u00f3n 2021 Santo Domingo (Rep\u00fablica Dominicana)<\/span><\/li><li><span style=\"color: #ffffff;\">Edici\u00f3n 2022 Asunci\u00f3n (Paraguay) y Buenos Aires\u00a0 (Argentina) <\/span><\/li><li><span style=\"color: #ffffff;\">Edici\u00f3n 2023 Buenos Aires (Argentina)<\/span><\/li><\/ol>\t\t\t\t\t\t<\/div>\n\t\t\t\t<\/div>\n\t\t\t\t\t<\/div>\n\t\t<\/div>\n\t\t\t\t\t<\/div>\n\t\t<\/section>\n\t\t\t\t<section class=\"elementor-section elementor-top-section elementor-element elementor-element-3df838c elementor-section-boxed elementor-section-height-default elementor-section-height-default\" data-id=\"3df838c\" data-element_type=\"section\" data-settings=\"{&quot;background_background&quot;:&quot;classic&quot;}\">\n\t\t\t\t\t\t<div class=\"elementor-container elementor-column-gap-default\">\n\t\t\t\t\t<div class=\"elementor-column elementor-col-33 elementor-top-column elementor-element elementor-element-a4b54b8\" data-id=\"a4b54b8\" data-element_type=\"column\">\n\t\t\t<div class=\"elementor-widget-wrap elementor-element-populated\">\n\t\t\t\t\t\t<div class=\"elementor-element elementor-element-19b9790 elementor-widget elementor-widget-video\" data-id=\"19b9790\" data-element_type=\"widget\" data-settings=\"{&quot;youtube_url&quot;:&quot;https:\\\/\\\/www.youtube.com\\\/watch?v=qi-_gpYG_a8&quot;,&quot;video_type&quot;:&quot;youtube&quot;,&quot;controls&quot;:&quot;yes&quot;}\" data-widget_type=\"video.default\">\n\t\t\t\t<div class=\"elementor-widget-container\">\n\t\t\t\t\t<div class=\"elementor-wrapper elementor-open-inline\">\n\t\t\t<div class=\"elementor-video\"><\/div>\t\t<\/div>\n\t\t\t\t<\/div>\n\t\t\t\t<\/div>\n\t\t\t\t<div class=\"elementor-element elementor-element-5f4f41c elementor-widget elementor-widget-heading\" data-id=\"5f4f41c\" data-element_type=\"widget\" data-widget_type=\"heading.default\">\n\t\t\t\t<div class=\"elementor-widget-container\">\n\t\t\t<h1 class=\"elementor-heading-title elementor-size-default\">El fil\u00f3sofo Herv\u00e9 Fisher, en su versi\u00f3n de Artista pl\u00e1stico exponiendo en el Centre Pompidou en Par\u00eds, Francia.<\/h1>\t\t<\/div>\n\t\t\t\t<\/div>\n\t\t\t\t\t<\/div>\n\t\t<\/div>\n\t\t\t\t<div class=\"elementor-column elementor-col-33 elementor-top-column elementor-element elementor-element-385672f\" data-id=\"385672f\" data-element_type=\"column\">\n\t\t\t<div class=\"elementor-widget-wrap elementor-element-populated\">\n\t\t\t\t\t\t<div class=\"elementor-element elementor-element-30a664a elementor-widget elementor-widget-image\" data-id=\"30a664a\" data-element_type=\"widget\" data-widget_type=\"image.default\">\n\t\t\t\t<div class=\"elementor-widget-container\">\n\t\t\t\t\t\t\t\t\t\t\t\t\t\t<a href=\"https:\/\/siuniversity.org\/site\/bootcamp40\">\n\t\t\t\t\t\t\t<img fetchpriority=\"high\" decoding=\"async\" width=\"960\" height=\"541\" src=\"https:\/\/wiuniversity.org\/live\/wp-content\/uploads\/2024\/10\/1379467_10151925660619360_23383358_n-1.jpg\" class=\"attachment-large size-large wp-image-1028\" alt=\"\" srcset=\"https:\/\/wiuniversity.org\/live\/wp-content\/uploads\/2024\/10\/1379467_10151925660619360_23383358_n-1.jpg 960w, https:\/\/wiuniversity.org\/live\/wp-content\/uploads\/2024\/10\/1379467_10151925660619360_23383358_n-1-300x169.jpg 300w, https:\/\/wiuniversity.org\/live\/wp-content\/uploads\/2024\/10\/1379467_10151925660619360_23383358_n-1-768x433.jpg 768w, https:\/\/wiuniversity.org\/live\/wp-content\/uploads\/2024\/10\/1379467_10151925660619360_23383358_n-1-230x130.jpg 230w, https:\/\/wiuniversity.org\/live\/wp-content\/uploads\/2024\/10\/1379467_10151925660619360_23383358_n-1-350x197.jpg 350w, https:\/\/wiuniversity.org\/live\/wp-content\/uploads\/2024\/10\/1379467_10151925660619360_23383358_n-1-480x271.jpg 480w\" sizes=\"(max-width: 960px) 100vw, 960px\" \/>\t\t\t\t\t\t\t\t<\/a>\n\t\t\t\t\t\t\t\t\t\t\t\t\t<\/div>\n\t\t\t\t<\/div>\n\t\t\t\t<div class=\"elementor-element elementor-element-32b45a7 elementor-widget elementor-widget-heading\" data-id=\"32b45a7\" data-element_type=\"widget\" data-widget_type=\"heading.default\">\n\t\t\t\t<div class=\"elementor-widget-container\">\n\t\t\t<h1 class=\"elementor-heading-title elementor-size-default\">Herv\u00e9 Fischer abre la Cumbre Mundial de Internet &amp; Multimedia (WSIM) en Chonqing, Rep\u00fablica Popular China.<\/h1>\t\t<\/div>\n\t\t\t\t<\/div>\n\t\t\t\t\t<\/div>\n\t\t<\/div>\n\t\t\t\t<div class=\"elementor-column elementor-col-33 elementor-top-column elementor-element elementor-element-a1b12f4\" data-id=\"a1b12f4\" data-element_type=\"column\">\n\t\t\t<div class=\"elementor-widget-wrap elementor-element-populated\">\n\t\t\t\t\t\t<div class=\"elementor-element elementor-element-69b3a7f elementor-widget elementor-widget-image\" data-id=\"69b3a7f\" data-element_type=\"widget\" data-widget_type=\"image.default\">\n\t\t\t\t<div class=\"elementor-widget-container\">\n\t\t\t\t\t\t\t\t\t\t\t\t\t\t<a href=\"https:\/\/siuniversity.org\/site\/bootcamp40\">\n\t\t\t\t\t\t\t<img decoding=\"async\" width=\"720\" height=\"440\" src=\"https:\/\/wiuniversity.org\/live\/wp-content\/uploads\/2024\/10\/herveoei.jpg\" class=\"attachment-large size-large wp-image-1029\" alt=\"\" srcset=\"https:\/\/wiuniversity.org\/live\/wp-content\/uploads\/2024\/10\/herveoei.jpg 720w, https:\/\/wiuniversity.org\/live\/wp-content\/uploads\/2024\/10\/herveoei-300x183.jpg 300w, https:\/\/wiuniversity.org\/live\/wp-content\/uploads\/2024\/10\/herveoei-230x141.jpg 230w, https:\/\/wiuniversity.org\/live\/wp-content\/uploads\/2024\/10\/herveoei-350x214.jpg 350w, https:\/\/wiuniversity.org\/live\/wp-content\/uploads\/2024\/10\/herveoei-480x293.jpg 480w\" sizes=\"(max-width: 720px) 100vw, 720px\" \/>\t\t\t\t\t\t\t\t<\/a>\n\t\t\t\t\t\t\t\t\t\t\t\t\t<\/div>\n\t\t\t\t<\/div>\n\t\t\t\t<div class=\"elementor-element elementor-element-3f5039e elementor-widget elementor-widget-heading\" data-id=\"3f5039e\" data-element_type=\"widget\" data-widget_type=\"heading.default\">\n\t\t\t\t<div class=\"elementor-widget-container\">\n\t\t\t<h1 class=\"elementor-heading-title elementor-size-default\">El Presidente Mundial de FIAM disertando en la Organizaci\u00f3n de Estados Iberoamericanps (OEI) sede Buenos Aires.<\/h1>\t\t<\/div>\n\t\t\t\t<\/div>\n\t\t\t\t\t<\/div>\n\t\t<\/div>\n\t\t\t\t\t<\/div>\n\t\t<\/section>\n\t\t\t\t<\/div>\n\t\t","protected":false},"excerpt":{"rendered":"<p>Sobre FIAM La mayor red multimedia del planeta La Federaci\u00f3n Internacional de Asociaciones de Multimedia (FIAM) es una Organizaci\u00f3n de alto prestigio [&hellip;]<\/p>\n","protected":false},"author":3,"featured_media":0,"parent":0,"menu_order":0,"comment_status":"closed","ping_status":"closed","template":"elementor_header_footer","meta":{"footnotes":""},"class_list":["post-1037","page","type-page","status-publish","hentry"],"_links":{"self":[{"href":"https:\/\/wiuniversity.org\/live\/wp-json\/wp\/v2\/pages\/1037","targetHints":{"allow":["GET"]}}],"collection":[{"href":"https:\/\/wiuniversity.org\/live\/wp-json\/wp\/v2\/pages"}],"about":[{"href":"https:\/\/wiuniversity.org\/live\/wp-json\/wp\/v2\/types\/page"}],"author":[{"embeddable":true,"href":"https:\/\/wiuniversity.org\/live\/wp-json\/wp\/v2\/users\/3"}],"replies":[{"embeddable":true,"href":"https:\/\/wiuniversity.org\/live\/wp-json\/wp\/v2\/comments?post=1037"}],"version-history":[{"count":7,"href":"https:\/\/wiuniversity.org\/live\/wp-json\/wp\/v2\/pages\/1037\/revisions"}],"predecessor-version":[{"id":7000,"href":"https:\/\/wiuniversity.org\/live\/wp-json\/wp\/v2\/pages\/1037\/revisions\/7000"}],"wp:attachment":[{"href":"https:\/\/wiuniversity.org\/live\/wp-json\/wp\/v2\/media?parent=1037"}],"curies":[{"name":"wp","href":"https:\/\/api.w.org\/{rel}","templated":true}]}}